{"id":532,"date":"2021-03-15T11:48:07","date_gmt":"2021-03-15T10:48:07","guid":{"rendered":"http:\/\/www.miki-cosmetiques.com\/?post_type=product&#038;p=532"},"modified":"2021-11-15T19:07:01","modified_gmt":"2021-11-15T18:07:01","slug":"huile-de-tournesol-desodorisee-linoleique-2","status":"publish","type":"product","link":"https:\/\/www.miki-cosmetiques.com\/index.php\/produit\/huile-de-tournesol-desodorisee-linoleique-2\/","title":{"rendered":"Huile de tournesol d\u00e9sodoris\u00e9e linol\u00e9ique"},"content":{"rendered":"","protected":false},"excerpt":{"rendered":"<p>Les 23 kilos<\/p>\n<p>Origine : France<\/p>\n","protected":false},"featured_media":0,"comment_status":"open","ping_status":"closed","template":"","meta":[],"class_list":["post-532","product","type-product","status-publish","hentry","product_cat-matieres-premieres-en-gros"],"_links":{"self":[{"href":"https:\/\/www.miki-cosmetiques.com\/index.php\/wp-json\/wp\/v2\/product\/532","targetHints":{"allow":["GET"]}}],"collection":[{"href":"https:\/\/www.miki-cosmetiques.com\/index.php\/wp-json\/wp\/v2\/product"}],"about":[{"href":"https:\/\/www.miki-cosmetiques.com\/index.php\/wp-json\/wp\/v2\/types\/product"}],"replies":[{"embeddable":true,"href":"https:\/\/www.miki-cosmetiques.com\/index.php\/wp-json\/wp\/v2\/comments?post=532"}],"wp:attachment":[{"href":"https:\/\/www.miki-cosmetiques.com\/index.php\/wp-json\/wp\/v2\/media?parent=532"}],"curies":[{"name":"wp","href":"https:\/\/api.w.org\/{rel}","templated":true}]}}