{"id":531,"date":"2021-03-15T11:45:57","date_gmt":"2021-03-15T10:45:57","guid":{"rendered":"http:\/\/www.miki-cosmetiques.com\/?post_type=product&#038;p=531"},"modified":"2025-05-10T08:54:50","modified_gmt":"2025-05-10T06:54:50","slug":"beurre-de-karite-desodorise-2","status":"publish","type":"product","link":"https:\/\/www.miki-cosmetiques.com\/index.php\/produit\/beurre-de-karite-desodorise-2\/","title":{"rendered":"Beurre de karit\u00e9 d\u00e9sodoris\u00e9 \u00e9quitable"},"content":{"rendered":"","protected":false},"excerpt":{"rendered":"<p>Les 25 kilos<\/p>\n<p>Origine : Burkina Faso<\/p>\n","protected":false},"featured_media":0,"comment_status":"open","ping_status":"closed","template":"","meta":[],"class_list":["post-531","product","type-product","status-publish","hentry","product_cat-matieres-premieres-en-gros"],"_links":{"self":[{"href":"https:\/\/www.miki-cosmetiques.com\/index.php\/wp-json\/wp\/v2\/product\/531","targetHints":{"allow":["GET"]}}],"collection":[{"href":"https:\/\/www.miki-cosmetiques.com\/index.php\/wp-json\/wp\/v2\/product"}],"about":[{"href":"https:\/\/www.miki-cosmetiques.com\/index.php\/wp-json\/wp\/v2\/types\/product"}],"replies":[{"embeddable":true,"href":"https:\/\/www.miki-cosmetiques.com\/index.php\/wp-json\/wp\/v2\/comments?post=531"}],"wp:attachment":[{"href":"https:\/\/www.miki-cosmetiques.com\/index.php\/wp-json\/wp\/v2\/media?parent=531"}],"curies":[{"name":"wp","href":"https:\/\/api.w.org\/{rel}","templated":true}]}}