{"id":527,"date":"2021-03-15T11:20:40","date_gmt":"2021-03-15T10:20:40","guid":{"rendered":"http:\/\/www.miki-cosmetiques.com\/?post_type=product&#038;p=527"},"modified":"2021-11-15T19:07:51","modified_gmt":"2021-11-15T18:07:51","slug":"huile-de-tournesol-desodorisee-linoleique","status":"publish","type":"product","link":"https:\/\/www.miki-cosmetiques.com\/index.php\/produit\/huile-de-tournesol-desodorisee-linoleique\/","title":{"rendered":"Huile de tournesol d\u00e9sodoris\u00e9e linol\u00e9ique"},"content":{"rendered":"","protected":false},"excerpt":{"rendered":"<p>Le litre<\/p>\n<p>Origine : France<\/p>\n","protected":false},"featured_media":0,"comment_status":"open","ping_status":"closed","template":"","meta":[],"class_list":["post-527","product","type-product","status-publish","hentry","product_cat-matieres-premieres"],"_links":{"self":[{"href":"https:\/\/www.miki-cosmetiques.com\/index.php\/wp-json\/wp\/v2\/product\/527","targetHints":{"allow":["GET"]}}],"collection":[{"href":"https:\/\/www.miki-cosmetiques.com\/index.php\/wp-json\/wp\/v2\/product"}],"about":[{"href":"https:\/\/www.miki-cosmetiques.com\/index.php\/wp-json\/wp\/v2\/types\/product"}],"replies":[{"embeddable":true,"href":"https:\/\/www.miki-cosmetiques.com\/index.php\/wp-json\/wp\/v2\/comments?post=527"}],"wp:attachment":[{"href":"https:\/\/www.miki-cosmetiques.com\/index.php\/wp-json\/wp\/v2\/media?parent=527"}],"curies":[{"name":"wp","href":"https:\/\/api.w.org\/{rel}","templated":true}]}}