{"id":266,"date":"2020-12-29T13:46:31","date_gmt":"2020-12-29T12:46:31","guid":{"rendered":"http:\/\/www.miki-cosmetiques.com\/?post_type=product&#038;p=266"},"modified":"2025-05-10T09:23:57","modified_gmt":"2025-05-10T07:23:57","slug":"thermometre-02-c-avec-sonde-de-penetration-fixe-ip65","status":"publish","type":"product","link":"https:\/\/www.miki-cosmetiques.com\/index.php\/produit\/thermometre-02-c-avec-sonde-de-penetration-fixe-ip65\/","title":{"rendered":"Thermom\u00e8tre +\/- 0,2 \u00b0C avec sonde de p\u00e9n\u00e9tration fixe, IP65"},"content":{"rendered":"","protected":false},"excerpt":{"rendered":"<p>R\u00e9f\u00e9rence du produit : HI98501<\/p>\n","protected":false},"featured_media":487,"comment_status":"open","ping_status":"closed","template":"","meta":[],"class_list":["post-266","product","type-product","status-publish","has-post-thumbnail","hentry","product_cat-rpi"],"_links":{"self":[{"href":"https:\/\/www.miki-cosmetiques.com\/index.php\/wp-json\/wp\/v2\/product\/266","targetHints":{"allow":["GET"]}}],"collection":[{"href":"https:\/\/www.miki-cosmetiques.com\/index.php\/wp-json\/wp\/v2\/product"}],"about":[{"href":"https:\/\/www.miki-cosmetiques.com\/index.php\/wp-json\/wp\/v2\/types\/product"}],"replies":[{"embeddable":true,"href":"https:\/\/www.miki-cosmetiques.com\/index.php\/wp-json\/wp\/v2\/comments?post=266"}],"wp:featuredmedia":[{"embeddable":true,"href":"https:\/\/www.miki-cosmetiques.com\/index.php\/wp-json\/wp\/v2\/media\/487"}],"wp:attachment":[{"href":"https:\/\/www.miki-cosmetiques.com\/index.php\/wp-json\/wp\/v2\/media?parent=266"}],"curies":[{"name":"wp","href":"https:\/\/api.w.org\/{rel}","templated":true}]}}