{"id":259,"date":"2020-12-29T13:32:25","date_gmt":"2020-12-29T12:32:25","guid":{"rendered":"http:\/\/www.miki-cosmetiques.com\/?post_type=product&#038;p=259"},"modified":"2025-05-10T09:26:28","modified_gmt":"2025-05-10T07:26:28","slug":"demi-masque-classique-reutilisable-3m-sans-filtres","status":"publish","type":"product","link":"https:\/\/www.miki-cosmetiques.com\/index.php\/produit\/demi-masque-classique-reutilisable-3m-sans-filtres\/","title":{"rendered":"Demi-masque classique r\u00e9utilisable 3M (sans filtres)"},"content":{"rendered":"","protected":false},"excerpt":{"rendered":"<p>R\u00e9f\u00e9rence du produit : 6300<\/p>\n<p>Attention : il faut \u00e9galement acheter le filtre anti gaz et vapeur A1 x2 (r\u00e9f\u00e9rence 6059)<\/p>\n","protected":false},"featured_media":483,"comment_status":"open","ping_status":"closed","template":"","meta":[],"class_list":["post-259","product","type-product","status-publish","has-post-thumbnail","hentry","product_cat-rpi"],"_links":{"self":[{"href":"https:\/\/www.miki-cosmetiques.com\/index.php\/wp-json\/wp\/v2\/product\/259","targetHints":{"allow":["GET"]}}],"collection":[{"href":"https:\/\/www.miki-cosmetiques.com\/index.php\/wp-json\/wp\/v2\/product"}],"about":[{"href":"https:\/\/www.miki-cosmetiques.com\/index.php\/wp-json\/wp\/v2\/types\/product"}],"replies":[{"embeddable":true,"href":"https:\/\/www.miki-cosmetiques.com\/index.php\/wp-json\/wp\/v2\/comments?post=259"}],"wp:featuredmedia":[{"embeddable":true,"href":"https:\/\/www.miki-cosmetiques.com\/index.php\/wp-json\/wp\/v2\/media\/483"}],"wp:attachment":[{"href":"https:\/\/www.miki-cosmetiques.com\/index.php\/wp-json\/wp\/v2\/media?parent=259"}],"curies":[{"name":"wp","href":"https:\/\/api.w.org\/{rel}","templated":true}]}}