{"id":3,"date":"2020-12-11T09:54:26","date_gmt":"2020-12-11T08:54:26","guid":{"rendered":"http:\/\/www.miki-cosmetiques.com\/?page_id=3"},"modified":"2021-01-28T11:41:24","modified_gmt":"2021-01-28T10:41:24","slug":"politique-de-confidentialite","status":"publish","type":"page","link":"https:\/\/www.miki-cosmetiques.com\/index.php\/politique-de-confidentialite\/","title":{"rendered":"Politique de confidentialit\u00e9"},"content":{"rendered":"\n<h1 class=\"wp-block-heading\">Modalit\u00e9s de diffusion de l&rsquo;information<\/h1>\n\n\n\n<h3 class=\"wp-block-heading\">Objet du traitement<\/h3>\n\n\n\n<p>La soci\u00e9t\u00e9 <strong>BPF Cosmethic<\/strong>, dont le si\u00e8ge est situ\u00e9 \u00e0 <strong>IRIGNY (69540), 36 bis chemin des Hauts de C\u00e9lette<\/strong>, dispose du site internet de vente en ligne <strong>www.miki-cosmetiques.com<\/strong>. Ce site permet de recevoir les commandes de nos clients et les donn\u00e9es collect\u00e9es \u00e0 cette occasion sont enregistr\u00e9es et trait\u00e9es dans un fichier clients.<\/p>\n\n\n\n<p>Ce fichier permet de&nbsp;:<\/p>\n\n\n\n<ul class=\"wp-block-list\"><li>G\u00e9rer les commandes, le paiement et la livraison.<\/li><li>Mener des op\u00e9rations de marketing (fid\u00e9lisation, promotions) et adresser des publicit\u00e9s par courriel aupr\u00e8s de nos clients qui ne s\u2019y sont pas oppos\u00e9s ou qui l\u2019ont accept\u00e9&nbsp;:<ul><li>Sur des produits analogues \u00e0 ceux qu\u2019ils ont command\u00e9s.<\/li><li>Sur d\u2019autres produits propos\u00e9s par la soci\u00e9t\u00e9. Par exemple, si un client ach\u00e8te une solution tampon, une huile essentielle pourra lui \u00eatre propos\u00e9e.<\/li><\/ul><\/li><li>Nous ne transmettons pas les donn\u00e9es de nos clients \u00e0 d&rsquo;autres partenaires commerciaux, pour leur permettre de leur adresser de la publicit\u00e9 (cf. ci-dessous).<\/li><\/ul>\n\n\n\n<h3 class=\"wp-block-heading\">Bases l\u00e9gales des traitements<\/h3>\n\n\n\n<ul class=\"wp-block-list\"><li>Gestion des commandes&nbsp;: la base l\u00e9gale du traitement est l\u2019ex\u00e9cution d\u2019un contrat (Cf. article 6.1.b) du R\u00e8glement europ\u00e9en sur la protection des donn\u00e9es).<\/li><li>Envoi de sollicitations commerciales par courriel sur des produits analogues \u00e0 ceux command\u00e9s par les clients&nbsp;: la base l\u00e9gale du traitement est l\u2019int\u00e9r\u00eat l\u00e9gitime de la soci\u00e9t\u00e9 (Cf. article 6.1.f) du R\u00e8glement europ\u00e9en sur la protection des donn\u00e9es), \u00e0 savoir promouvoir nos produits aupr\u00e8s de nos clients.<\/li><li>Envoi de sollicitations commerciales par courriel sur d\u2019autres produits propos\u00e9s par la soci\u00e9t\u00e9 BPF Cosmethic&nbsp;: la base l\u00e9gale du traitement est le consentement (Cf. article 6.1.a) du R\u00e8glement europ\u00e9en sur la protection des donn\u00e9es), comme l\u2019exige l\u2019article L. 34-5 du code des postes et des communications \u00e9lectroniques.<\/li><li>Transmission de l\u2019adresse \u00e9lectronique aux partenaires commerciaux : la base l\u00e9gale du traitement est le consentement (Cf. article 6.1.a) du R\u00e8glement europ\u00e9en sur la protection des donn\u00e9es), comme l\u2019exige l\u2019article L. 34-5 du code des postes et des communications \u00e9lectroniques.<\/li><\/ul>\n\n\n\n<h3 class=\"wp-block-heading\">Cat\u00e9gories de donn\u00e9es<\/h3>\n\n\n\n<ul class=\"wp-block-list\"><li>Identit\u00e9&nbsp;: civilit\u00e9, nom, pr\u00e9nom, adresse, adresse de livraison, num\u00e9ro de t\u00e9l\u00e9phone, adresse \u00e9lectronique, code interne de traitement permettant l&rsquo;identification du client, donn\u00e9es relatives \u00e0 l\u2019enregistrement sur des listes d\u2019opposition.<\/li><li>Donn\u00e9es relatives aux commandes&nbsp;: num\u00e9ro de la transaction, d\u00e9tail des achats, montant des achats, donn\u00e9es relatives au r\u00e8glement des factures (r\u00e8glements, impay\u00e9s, remises), retour de produits.<\/li><li>Donn\u00e9es n\u00e9cessaires \u00e0 la r\u00e9alisation des actions de fid\u00e9lisation et de prospection&nbsp;: historique des achats.<\/li><\/ul>\n\n\n\n<h3 class=\"wp-block-heading\">Destinataires des donn\u00e9es<\/h3>\n\n\n\n<ul class=\"wp-block-list\"><li>Les services clients et facturation de la soci\u00e9t\u00e9 BPF Cosmethic sont destinataires de l\u2019ensemble des cat\u00e9gories de donn\u00e9es.<\/li><li>Ses sous-traitants, charg\u00e9s de la livraison de ses commandes, sont destinataires de l\u2019identit\u00e9, de l\u2019adresse et du num\u00e9ro de t\u00e9l\u00e9phone de nos clients.<\/li><\/ul>\n\n\n\n<h3 class=\"wp-block-heading\">Dur\u00e9e de conservation des donn\u00e9es<\/h3>\n\n\n\n<ul class=\"wp-block-list\"><li>Donn\u00e9es n\u00e9cessaires \u00e0 la gestion des commandes et \u00e0 la facturation : pendant toute la dur\u00e9e de la relation commerciale et dix (10) ans au titre des obligations comptables.<\/li><li>Donn\u00e9es n\u00e9cessaires \u00e0 la r\u00e9alisation des actions de fid\u00e9lisation et \u00e0 la prospection&nbsp;: pendant toute la dur\u00e9e de la relation commerciale et trois (3) ans \u00e0 compter du dernier achat.<\/li><li>Donn\u00e9es relatives aux moyens de paiement : ces donn\u00e9es ne sont pas conserv\u00e9es par la soci\u00e9t\u00e9 BPF Cosmethic&nbsp;; elles sont collect\u00e9es lors de la transaction et sont imm\u00e9diatement supprim\u00e9es d\u00e8s le r\u00e8glement de l\u2019achat.<\/li><li>Donn\u00e9es concernant les listes d&rsquo;opposition \u00e0 recevoir de la prospection<strong>&nbsp;:<\/strong> trois (3) ans.<\/li><\/ul>\n\n\n\n<h3 class=\"wp-block-heading\">Vos droits<\/h3>\n\n\n\n<p>Si vous ne souhaitez plus recevoir de publicit\u00e9 de la part de la soci\u00e9t\u00e9 BPF Cosmethic (exercice du droit d\u2019opposition ou retrait d\u2019un consentement d\u00e9j\u00e0 donn\u00e9), \u00e9crivez-nous \u00e0 l&rsquo;adresse suivante : <em><u>contact@miki-cosmetiques.fr<\/u><\/em><\/p>\n\n\n\n<p>Vous pouvez acc\u00e9der aux donn\u00e9es vous concernant, les rectifier ou les faire effacer. Vous disposez \u00e9galement d&rsquo;un droit \u00e0 la portabilit\u00e9 et d\u2019un droit \u00e0 la limitation du traitement de vos donn\u00e9es (Consultez le site&nbsp;cnil.fr pour plus d\u2019informations sur vos droits).<\/p>\n\n\n\n<p>Pour exercer ces droits ou pour toute question sur le traitement de vos donn\u00e9es dans ce dispositif, vous pouvez contacter notre DPO.<\/p>\n\n\n\n<ul class=\"wp-block-list\"><li>Contacter notre d\u00e9l\u00e9gu\u00e9 \u00e0 la protection des donn\u00e9es \u00e0 : <em><u>contact@miki-cosmetiques.fr<\/u><\/em><\/li><li>Contacter notre DPO par courrier postal :<\/li><\/ul>\n\n\n\n<p>Le d\u00e9l\u00e9gu\u00e9 \u00e0 la protection des donn\u00e9es<\/p>\n\n\n\n<p>Soci\u00e9t\u00e9 BPF Cosmethic<\/p>\n\n\n\n<p>36 bis chemin des Hauts de C\u00e9lette<\/p>\n\n\n\n<p>69540 IRIGNY<\/p>\n\n\n\n<p>Si vous estimez, apr\u00e8s avoir contact\u00e9 la soci\u00e9t\u00e9 BPF Cosmethic, que vos droits \u00ab&nbsp;Informatique et Libert\u00e9s&nbsp;\u00bb ne sont pas respect\u00e9s, vous pouvez adresser une r\u00e9clamation en ligne \u00e0 la CNIL.<\/p>\n","protected":false},"excerpt":{"rendered":"<p>Modalit\u00e9s de diffusion de l&rsquo;information Objet du traitement La soci\u00e9t\u00e9 BPF Cosmethic, dont le si\u00e8ge est situ\u00e9 \u00e0 IRIGNY (69540), 36 bis chemin des Hauts de C\u00e9lette, dispose du site internet de vente en ligne www.miki-cosmetiques.com. Ce site permet de recevoir les commandes de nos clients et les donn\u00e9es collect\u00e9es \u00e0 cette occasion sont enregistr\u00e9es [&hellip;]<\/p>\n","protected":false},"author":1,"featured_media":0,"parent":0,"menu_order":0,"comment_status":"closed","ping_status":"open","template":"","meta":{"footnotes":""},"class_list":["post-3","page","type-page","status-publish","hentry"],"_links":{"self":[{"href":"https:\/\/www.miki-cosmetiques.com\/index.php\/wp-json\/wp\/v2\/pages\/3","targetHints":{"allow":["GET"]}}],"collection":[{"href":"https:\/\/www.miki-cosmetiques.com\/index.php\/wp-json\/wp\/v2\/pages"}],"about":[{"href":"https:\/\/www.miki-cosmetiques.com\/index.php\/wp-json\/wp\/v2\/types\/page"}],"author":[{"embeddable":true,"href":"https:\/\/www.miki-cosmetiques.com\/index.php\/wp-json\/wp\/v2\/users\/1"}],"replies":[{"embeddable":true,"href":"https:\/\/www.miki-cosmetiques.com\/index.php\/wp-json\/wp\/v2\/comments?post=3"}],"version-history":[{"count":11,"href":"https:\/\/www.miki-cosmetiques.com\/index.php\/wp-json\/wp\/v2\/pages\/3\/revisions"}],"predecessor-version":[{"id":518,"href":"https:\/\/www.miki-cosmetiques.com\/index.php\/wp-json\/wp\/v2\/pages\/3\/revisions\/518"}],"wp:attachment":[{"href":"https:\/\/www.miki-cosmetiques.com\/index.php\/wp-json\/wp\/v2\/media?parent=3"}],"curies":[{"name":"wp","href":"https:\/\/api.w.org\/{rel}","templated":true}]}}