{"id":21,"date":"2020-12-12T12:16:51","date_gmt":"2020-12-12T11:16:51","guid":{"rendered":"http:\/\/www.miki-cosmetiques.com\/?page_id=21"},"modified":"2021-01-04T12:47:38","modified_gmt":"2021-01-04T11:47:38","slug":"accueil","status":"publish","type":"page","link":"https:\/\/www.miki-cosmetiques.com\/","title":{"rendered":"Commandez vos essentiels !"},"content":{"rendered":"\n<p>L&rsquo;ensemble de nos produits sont certifi\u00e9s bio (\u00e0 l&rsquo;exception : l&rsquo;acide citrique, bicarbonate de soude, la lessive de soude, la potasse, l&rsquo;oxyde de zinc, percarbonate de soude et la soude caustique) <\/p>\n\n\n\n<p>A chaque commande, une documentation d\u00e9taill\u00e9e sur les produits achet\u00e9s est fournie. <\/p>\n\n\n\n<p>Pour les commandes en gros, un devis concernant les frais d&rsquo;exp\u00e9ditions vous sera communiqu\u00e9.<\/p>\n\n\n\n<p>Les paiements s&rsquo;effectuent soit par ch\u00e8que (SAS Cosm\u00e9thic), soit par virement (un RIB vous sera transmis apr\u00e8s votre commande)<\/p>\n","protected":false},"excerpt":{"rendered":"<p>L&rsquo;ensemble de nos produits sont certifi\u00e9s bio (\u00e0 l&rsquo;exception : l&rsquo;acide citrique, bicarbonate de soude, la lessive de soude, la potasse, l&rsquo;oxyde de zinc, percarbonate de soude et la soude caustique) A chaque commande, une documentation d\u00e9taill\u00e9e sur les produits achet\u00e9s est fournie. Pour les commandes en gros, un devis concernant les frais d&rsquo;exp\u00e9ditions vous [&hellip;]<\/p>\n","protected":false},"author":1,"featured_media":0,"parent":0,"menu_order":0,"comment_status":"closed","ping_status":"closed","template":"templates\/template-full-width.php","meta":{"footnotes":""},"class_list":["post-21","page","type-page","status-publish","hentry"],"_links":{"self":[{"href":"https:\/\/www.miki-cosmetiques.com\/index.php\/wp-json\/wp\/v2\/pages\/21","targetHints":{"allow":["GET"]}}],"collection":[{"href":"https:\/\/www.miki-cosmetiques.com\/index.php\/wp-json\/wp\/v2\/pages"}],"about":[{"href":"https:\/\/www.miki-cosmetiques.com\/index.php\/wp-json\/wp\/v2\/types\/page"}],"author":[{"embeddable":true,"href":"https:\/\/www.miki-cosmetiques.com\/index.php\/wp-json\/wp\/v2\/users\/1"}],"replies":[{"embeddable":true,"href":"https:\/\/www.miki-cosmetiques.com\/index.php\/wp-json\/wp\/v2\/comments?post=21"}],"version-history":[{"count":8,"href":"https:\/\/www.miki-cosmetiques.com\/index.php\/wp-json\/wp\/v2\/pages\/21\/revisions"}],"predecessor-version":[{"id":449,"href":"https:\/\/www.miki-cosmetiques.com\/index.php\/wp-json\/wp\/v2\/pages\/21\/revisions\/449"}],"wp:attachment":[{"href":"https:\/\/www.miki-cosmetiques.com\/index.php\/wp-json\/wp\/v2\/media?parent=21"}],"curies":[{"name":"wp","href":"https:\/\/api.w.org\/{rel}","templated":true}]}}